{"id":86,"date":"2026-01-11T23:20:40","date_gmt":"2026-01-11T22:20:40","guid":{"rendered":"https:\/\/www.cinqcommune-melle.fr\/?page_id=86"},"modified":"2026-03-10T23:46:54","modified_gmt":"2026-03-10T22:46:54","slug":"commuication","status":"publish","type":"page","link":"https:\/\/www.cinqcommune-melle.fr\/?page_id=86","title":{"rendered":"Communication"},"content":{"rendered":"\n<p><\/p>\n\n\n\n<hr class=\"wp-block-separator has-alpha-channel-opacity\"\/>\n\n\n\n<h2 class=\"wp-block-heading has-text-align-center\">Retrouvez notre campagne sur les r\u00e9seaux sociaux<\/h2>\n\n\n\n<figure class=\"wp-block-image aligncenter size-large is-resized\"><a href=\"https:\/\/www.facebook.com\/cinqcommunemelle\"><img loading=\"lazy\" decoding=\"async\" width=\"1024\" height=\"1024\" src=\"https:\/\/www.cinqcommune-melle.fr\/wp-content\/uploads\/2025\/10\/image-1024x1024.png\" alt=\"\" class=\"wp-image-496\" style=\"width:120px;height:auto\" srcset=\"https:\/\/www.cinqcommune-melle.fr\/wp-content\/uploads\/2025\/10\/image-1024x1024.png 1024w, https:\/\/www.cinqcommune-melle.fr\/wp-content\/uploads\/2025\/10\/image-300x300.png 300w, https:\/\/www.cinqcommune-melle.fr\/wp-content\/uploads\/2025\/10\/image-150x150.png 150w, https:\/\/www.cinqcommune-melle.fr\/wp-content\/uploads\/2025\/10\/image-768x768.png 768w, https:\/\/www.cinqcommune-melle.fr\/wp-content\/uploads\/2025\/10\/image.png 1280w\" sizes=\"auto, (max-width: 1024px) 100vw, 1024px\" \/><\/a><\/figure>\n\n\n\n<figure class=\"wp-block-image aligncenter size-full is-resized\"><a href=\"https:\/\/www.instagram.com\/cinqcommune\/\"><img loading=\"lazy\" decoding=\"async\" width=\"250\" height=\"250\" src=\"https:\/\/www.cinqcommune-melle.fr\/wp-content\/uploads\/2026\/03\/image-8.png\" alt=\"\" class=\"wp-image-502\" style=\"width:110px;height:auto\" srcset=\"https:\/\/www.cinqcommune-melle.fr\/wp-content\/uploads\/2026\/03\/image-8.png 250w, https:\/\/www.cinqcommune-melle.fr\/wp-content\/uploads\/2026\/03\/image-8-150x150.png 150w\" sizes=\"auto, (max-width: 250px) 100vw, 250px\" \/><\/a><\/figure>\n\n\n\n<hr class=\"wp-block-separator has-alpha-channel-opacity\"\/>\n\n\n\n<h2 class=\"wp-block-heading has-text-align-center\">D\u00e9pliant distribu\u00e9 dans chaque foyer le jeudi 12 mars<br>suite aux diff\u00e9rentes r\u00e9unions publiques<\/h2>\n\n\n\n<div data-wp-interactive=\"core\/file\" class=\"wp-block-file aligncenter\"><object data-wp-bind--hidden=\"!state.hasPdfPreview\" hidden class=\"wp-block-file__embed\" data=\"https:\/\/www.cinqcommune-melle.fr\/wp-content\/uploads\/2026\/03\/6.-A4-retours-reunions-publiques-297-x-210-mm-1-1.pdf\" type=\"application\/pdf\" style=\"width:100%;height:600px\" aria-label=\"Contenu embarqu\u00e9 6. A4 retours r\u00e9unions publiques (297 x 210 mm)-1.\"><\/object><a id=\"wp-block-file--media-8ac01fe7-14cb-4805-aefd-eff6301fd28e\" href=\"https:\/\/www.cinqcommune-melle.fr\/wp-content\/uploads\/2026\/03\/6.-A4-retours-reunions-publiques-297-x-210-mm-1-1.pdf\">6. A4 retours r\u00e9unions publiques (297 x 210 mm)-1<\/a><a href=\"https:\/\/www.cinqcommune-melle.fr\/wp-content\/uploads\/2026\/03\/6.-A4-retours-reunions-publiques-297-x-210-mm-1-1.pdf\" class=\"wp-block-file__button wp-element-button\" download aria-describedby=\"wp-block-file--media-8ac01fe7-14cb-4805-aefd-eff6301fd28e\">T\u00e9l\u00e9charger<\/a><\/div>\n\n\n\n<hr class=\"wp-block-separator has-alpha-channel-opacity\"\/>\n\n\n\n<h2 class=\"wp-block-heading has-text-align-center\">Circulaire distribu\u00e9e avec le Bulletin de vote<\/h2>\n\n\n\n<div data-wp-interactive=\"core\/file\" class=\"wp-block-file aligncenter\"><object data-wp-bind--hidden=\"!state.hasPdfPreview\" hidden class=\"wp-block-file__embed\" data=\"https:\/\/www.cinqcommune-melle.fr\/wp-content\/uploads\/2026\/03\/3.-Circulaire-GRIFFAULT-3.pdf\" type=\"application\/pdf\" style=\"width:100%;height:600px\" aria-label=\"Contenu embarqu\u00e9 3. Circulaire-GRIFFAULT-3.\"><\/object><a id=\"wp-block-file--media-107ad215-207f-4a07-b02a-298776912d7d\" href=\"https:\/\/www.cinqcommune-melle.fr\/wp-content\/uploads\/2026\/03\/3.-Circulaire-GRIFFAULT-3.pdf\">3. Circulaire-GRIFFAULT-3<\/a><a href=\"https:\/\/www.cinqcommune-melle.fr\/wp-content\/uploads\/2026\/03\/3.-Circulaire-GRIFFAULT-3.pdf\" class=\"wp-block-file__button wp-element-button\" download aria-describedby=\"wp-block-file--media-107ad215-207f-4a07-b02a-298776912d7d\">T\u00e9l\u00e9charger<\/a><\/div>\n\n\n\n<hr class=\"wp-block-separator has-alpha-channel-opacity\"\/>\n\n\n\n<h2 class=\"wp-block-heading has-text-align-center\">Bulletin de vote<\/h2>\n\n\n\n<div data-wp-interactive=\"core\/file\" class=\"wp-block-file aligncenter\"><object data-wp-bind--hidden=\"!state.hasPdfPreview\" hidden class=\"wp-block-file__embed\" data=\"https:\/\/www.cinqcommune-melle.fr\/wp-content\/uploads\/2026\/03\/5C1-Bulletin-de-vote-2026-aplati.pdf\" type=\"application\/pdf\" style=\"width:100%;height:600px\" aria-label=\"Contenu embarqu\u00e9 5C1 - Bulletin de vote 2026 aplati.\"><\/object><a id=\"wp-block-file--media-249cb8f7-d1ec-4c7f-850b-9c2cfdc7a238\" href=\"https:\/\/www.cinqcommune-melle.fr\/wp-content\/uploads\/2026\/03\/5C1-Bulletin-de-vote-2026-aplati.pdf\">5C1 &#8211; Bulletin de vote 2026 aplati<\/a><a href=\"https:\/\/www.cinqcommune-melle.fr\/wp-content\/uploads\/2026\/03\/5C1-Bulletin-de-vote-2026-aplati.pdf\" class=\"wp-block-file__button wp-element-button\" download aria-describedby=\"wp-block-file--media-249cb8f7-d1ec-4c7f-850b-9c2cfdc7a238\">T\u00e9l\u00e9charger<\/a><\/div>\n\n\n\n<hr class=\"wp-block-separator has-alpha-channel-opacity\"\/>\n\n\n\n<h2 class=\"wp-block-heading has-text-align-center\">Flyers distribu\u00e9s sur le march\u00e9<\/h2>\n\n\n\n<figure class=\"wp-block-image aligncenter size-large is-resized\"><img loading=\"lazy\" decoding=\"async\" width=\"1024\" height=\"1024\" src=\"https:\/\/www.cinqcommune-melle.fr\/wp-content\/uploads\/2025\/10\/01-Reunions-publiques-1080p-1-1024x1024.png\" alt=\"\" class=\"wp-image-248\" style=\"width:516px;height:auto\" srcset=\"https:\/\/www.cinqcommune-melle.fr\/wp-content\/uploads\/2025\/10\/01-Reunions-publiques-1080p-1-1024x1024.png 1024w, https:\/\/www.cinqcommune-melle.fr\/wp-content\/uploads\/2025\/10\/01-Reunions-publiques-1080p-1-300x300.png 300w, https:\/\/www.cinqcommune-melle.fr\/wp-content\/uploads\/2025\/10\/01-Reunions-publiques-1080p-1-150x150.png 150w, https:\/\/www.cinqcommune-melle.fr\/wp-content\/uploads\/2025\/10\/01-Reunions-publiques-1080p-1-768x768.png 768w, https:\/\/www.cinqcommune-melle.fr\/wp-content\/uploads\/2025\/10\/01-Reunions-publiques-1080p-1.png 1080w\" sizes=\"auto, (max-width: 1024px) 100vw, 1024px\" \/><\/figure>\n\n\n\n<hr class=\"wp-block-separator has-alpha-channel-opacity\"\/>\n\n\n\n<h2 class=\"wp-block-heading has-text-align-center\">D\u00e9pliant pr\u00e9sentant la liste et le programme, <br>distribu\u00e9 dans chaque foyer mi f\u00e9vrier 2026<\/h2>\n\n\n\n<p class=\"has-text-align-center\"><a href=\"https:\/\/www.cinqcommune-melle.fr\/wp-content\/uploads\/2026\/02\/Programme_CinqCommUne_2026.pdf\">Cliquez ici pour t\u00e9l\u00e9charger le d\u00e9pliant complet<\/a><\/p>\n\n\n\n<figure class=\"wp-block-image aligncenter size-large is-resized\"><img loading=\"lazy\" decoding=\"async\" width=\"715\" height=\"1024\" src=\"https:\/\/www.cinqcommune-melle.fr\/wp-content\/uploads\/2026\/02\/Couv-715x1024.jpg\" alt=\"\" class=\"wp-image-217\" style=\"width:378px;height:auto\" srcset=\"https:\/\/www.cinqcommune-melle.fr\/wp-content\/uploads\/2026\/02\/Couv-715x1024.jpg 715w, https:\/\/www.cinqcommune-melle.fr\/wp-content\/uploads\/2026\/02\/Couv-210x300.jpg 210w, https:\/\/www.cinqcommune-melle.fr\/wp-content\/uploads\/2026\/02\/Couv-768x1099.jpg 768w, https:\/\/www.cinqcommune-melle.fr\/wp-content\/uploads\/2026\/02\/Couv.jpg 800w\" sizes=\"auto, (max-width: 715px) 100vw, 715px\" \/><\/figure>\n\n\n\n<hr class=\"wp-block-separator has-alpha-channel-opacity\"\/>\n\n\n\n<figure class=\"wp-block-image aligncenter size-full\"><img loading=\"lazy\" decoding=\"async\" width=\"600\" height=\"503\" src=\"https:\/\/www.cinqcommune-melle.fr\/wp-content\/uploads\/2026\/01\/Voeux2026.jpg\" alt=\"\" class=\"wp-image-103\" srcset=\"https:\/\/www.cinqcommune-melle.fr\/wp-content\/uploads\/2026\/01\/Voeux2026.jpg 600w, https:\/\/www.cinqcommune-melle.fr\/wp-content\/uploads\/2026\/01\/Voeux2026-300x252.jpg 300w\" sizes=\"auto, (max-width: 600px) 100vw, 600px\" \/><\/figure>\n\n\n\n<p><\/p>\n","protected":false},"excerpt":{"rendered":"<p>Retrouvez notre campagne sur les r\u00e9seaux sociaux D\u00e9pliant distribu\u00e9 dans chaque foyer le jeudi 12 marssuite aux diff\u00e9rentes r\u00e9unions publiques Circulaire distribu\u00e9e avec le Bulletin de vote Bulletin de vote Flyers distribu\u00e9s sur le march\u00e9 D\u00e9pliant pr\u00e9sentant la liste et le programme, distribu\u00e9 dans chaque foyer mi f\u00e9vrier 2026 Cliquez ici pour t\u00e9l\u00e9charger le d\u00e9pliant [&hellip;]<\/p>\n","protected":false},"author":5,"featured_media":0,"parent":0,"menu_order":0,"comment_status":"closed","ping_status":"closed","template":"","meta":{"footnotes":""},"class_list":["post-86","page","type-page","status-publish","hentry"],"_links":{"self":[{"href":"https:\/\/www.cinqcommune-melle.fr\/index.php?rest_route=\/wp\/v2\/pages\/86","targetHints":{"allow":["GET"]}}],"collection":[{"href":"https:\/\/www.cinqcommune-melle.fr\/index.php?rest_route=\/wp\/v2\/pages"}],"about":[{"href":"https:\/\/www.cinqcommune-melle.fr\/index.php?rest_route=\/wp\/v2\/types\/page"}],"author":[{"embeddable":true,"href":"https:\/\/www.cinqcommune-melle.fr\/index.php?rest_route=\/wp\/v2\/users\/5"}],"replies":[{"embeddable":true,"href":"https:\/\/www.cinqcommune-melle.fr\/index.php?rest_route=%2Fwp%2Fv2%2Fcomments&post=86"}],"version-history":[{"count":9,"href":"https:\/\/www.cinqcommune-melle.fr\/index.php?rest_route=\/wp\/v2\/pages\/86\/revisions"}],"predecessor-version":[{"id":503,"href":"https:\/\/www.cinqcommune-melle.fr\/index.php?rest_route=\/wp\/v2\/pages\/86\/revisions\/503"}],"wp:attachment":[{"href":"https:\/\/www.cinqcommune-melle.fr\/index.php?rest_route=%2Fwp%2Fv2%2Fmedia&parent=86"}],"curies":[{"name":"wp","href":"https:\/\/api.w.org\/{rel}","templated":true}]}}